{"id":4,"date":"2017-04-27T09:37:45","date_gmt":"2017-04-27T07:37:45","guid":{"rendered":"http:\/\/herzog-apartments.de\/wp-cms\/?page_id=4"},"modified":"2017-11-14T12:02:40","modified_gmt":"2017-11-14T11:02:40","slug":"herzog-apartments","status":"publish","type":"page","link":"http:\/\/herzog-apartments.de\/wp-cms\/herzog-apartments\/","title":{"rendered":"Apartments"},"content":{"rendered":"<div id=\"pl-4\"  class=\"panel-layout\" ><div id=\"pg-4-0\"  class=\"panel-grid panel-has-style\" ><div class=\"panel-row-style panel-row-style-for-4-0\" ><div id=\"pgc-4-0-0\"  class=\"panel-grid-cell\" ><div id=\"panel-4-0-0-0\" class=\"so-panel widget widget_sow-headline panel-first-child panel-last-child\" data-index=\"0\" ><div\n\t\t\t\n\t\t\tclass=\"so-widget-sow-headline so-widget-sow-headline-default-ea0af4cf39ae-4\"\n\t\t\t\n\t\t><div class=\"sow-headline-container \">\n\t\t\t\t\t\t\t<h1 class=\"sow-headline\">\n\t\t\t\t\t\tHERZOG Apartments\t\t\t\t\t\t<\/h1>\n\t\t\t\t\t\t\t\t\t\t\t<div class=\"decoration\">\n\t\t\t\t\t\t<div class=\"decoration-inside\"><\/div>\n\t\t\t\t\t<\/div>\n\t\t\t\t\t<\/div>\n<\/div><\/div><\/div><\/div><\/div><div id=\"pg-4-1\"  class=\"panel-grid panel-no-style\" ><div id=\"pgc-4-1-0\"  class=\"panel-grid-cell\" ><div id=\"panel-4-1-0-0\" class=\"so-panel widget widget_sow-slider panel-first-child panel-last-child\" data-index=\"1\" ><div\n\t\t\t\n\t\t\tclass=\"so-widget-sow-slider so-widget-sow-slider-default-6d39609536fd-4\"\n\t\t\t\n\t\t>\t\t\t\t<div class=\"sow-slider-base\" style=\"display: none\" tabindex=\"0\">\n\t\t\t\t\t<ul\n\t\t\t\t\tclass=\"sow-slider-images\"\n\t\t\t\t\tdata-settings=\"{&quot;pagination&quot;:true,&quot;speed&quot;:800,&quot;timeout&quot;:5000,&quot;paused&quot;:false,&quot;pause_on_hover&quot;:false,&quot;swipe&quot;:true,&quot;nav_always_show_desktop&quot;:&quot;&quot;,&quot;nav_always_show_mobile&quot;:&quot;&quot;,&quot;breakpoint&quot;:&quot;780px&quot;,&quot;unmute&quot;:false,&quot;anchor&quot;:null}\"\n\t\t\t\t\t\t\t\t\t\tdata-anchor-id=\"\"\n\t\t\t\t>\t\t<li class=\"sow-slider-image\" style=\"visibility: visible;\" >\n\t\t\t\t\t\t<img loading=\"lazy\" decoding=\"async\" width=\"800\" height=\"1067\" src=\"http:\/\/herzog-apartments.de\/wp-cms\/wp-content\/uploads\/2017\/04\/herzog-appartments-1.jpg\" class=\"sow-slider-background-image\" alt=\"herzog-appartments-1\" style=\"\" srcset=\"http:\/\/herzog-apartments.de\/wp-cms\/wp-content\/uploads\/2017\/04\/herzog-appartments-1.jpg 800w, http:\/\/herzog-apartments.de\/wp-cms\/wp-content\/uploads\/2017\/04\/herzog-appartments-1-225x300.jpg 225w, http:\/\/herzog-apartments.de\/wp-cms\/wp-content\/uploads\/2017\/04\/herzog-appartments-1-768x1024.jpg 768w\" sizes=\"auto, (max-width: 800px) 100vw, 800px\" \/>\t\t<\/li>\n\t\t\t\t<li class=\"sow-slider-image\" style=\"visibility: hidden;\" >\n\t\t\t\t\t\t<img loading=\"lazy\" decoding=\"async\" width=\"800\" height=\"1067\" src=\"http:\/\/herzog-apartments.de\/wp-cms\/wp-content\/uploads\/2017\/04\/herzog-appartments-2.jpg\" class=\"sow-slider-background-image\" alt=\"herzog-appartments-2\" style=\"\" srcset=\"http:\/\/herzog-apartments.de\/wp-cms\/wp-content\/uploads\/2017\/04\/herzog-appartments-2.jpg 800w, http:\/\/herzog-apartments.de\/wp-cms\/wp-content\/uploads\/2017\/04\/herzog-appartments-2-225x300.jpg 225w, http:\/\/herzog-apartments.de\/wp-cms\/wp-content\/uploads\/2017\/04\/herzog-appartments-2-768x1024.jpg 768w\" sizes=\"auto, (max-width: 800px) 100vw, 800px\" \/>\t\t<\/li>\n\t\t\t\t<li class=\"sow-slider-image\" style=\"visibility: hidden;\" >\n\t\t\t\t\t\t<img loading=\"lazy\" decoding=\"async\" width=\"800\" height=\"1067\" src=\"http:\/\/herzog-apartments.de\/wp-cms\/wp-content\/uploads\/2017\/04\/herzog-appartments-3.jpg\" class=\"sow-slider-background-image\" alt=\"herzog-appartments-3\" style=\"\" srcset=\"http:\/\/herzog-apartments.de\/wp-cms\/wp-content\/uploads\/2017\/04\/herzog-appartments-3.jpg 800w, http:\/\/herzog-apartments.de\/wp-cms\/wp-content\/uploads\/2017\/04\/herzog-appartments-3-225x300.jpg 225w, http:\/\/herzog-apartments.de\/wp-cms\/wp-content\/uploads\/2017\/04\/herzog-appartments-3-768x1024.jpg 768w\" sizes=\"auto, (max-width: 800px) 100vw, 800px\" \/>\t\t<\/li>\n\t\t\t\t<li class=\"sow-slider-image\" style=\"visibility: hidden;\" >\n\t\t\t\t\t\t<img loading=\"lazy\" decoding=\"async\" width=\"800\" height=\"1067\" src=\"http:\/\/herzog-apartments.de\/wp-cms\/wp-content\/uploads\/2017\/04\/herzog-appartments-4.jpg\" class=\"sow-slider-background-image\" alt=\"herzog-appartments-4\" style=\"\" srcset=\"http:\/\/herzog-apartments.de\/wp-cms\/wp-content\/uploads\/2017\/04\/herzog-appartments-4.jpg 800w, http:\/\/herzog-apartments.de\/wp-cms\/wp-content\/uploads\/2017\/04\/herzog-appartments-4-225x300.jpg 225w, http:\/\/herzog-apartments.de\/wp-cms\/wp-content\/uploads\/2017\/04\/herzog-appartments-4-768x1024.jpg 768w\" sizes=\"auto, (max-width: 800px) 100vw, 800px\" \/>\t\t<\/li>\n\t\t\t\t<li class=\"sow-slider-image\" style=\"visibility: hidden;\" >\n\t\t\t\t\t\t<img loading=\"lazy\" decoding=\"async\" width=\"800\" height=\"600\" src=\"http:\/\/herzog-apartments.de\/wp-cms\/wp-content\/uploads\/2017\/04\/herzog-appartments-5.jpg\" class=\"sow-slider-background-image\" alt=\"herzog-appartments-5\" style=\"\" srcset=\"http:\/\/herzog-apartments.de\/wp-cms\/wp-content\/uploads\/2017\/04\/herzog-appartments-5.jpg 800w, http:\/\/herzog-apartments.de\/wp-cms\/wp-content\/uploads\/2017\/04\/herzog-appartments-5-300x225.jpg 300w, http:\/\/herzog-apartments.de\/wp-cms\/wp-content\/uploads\/2017\/04\/herzog-appartments-5-768x576.jpg 768w\" sizes=\"auto, (max-width: 800px) 100vw, 800px\" \/>\t\t<\/li>\n\t\t\t\t<li class=\"sow-slider-image\" style=\"visibility: hidden;\" >\n\t\t\t\t\t\t<img loading=\"lazy\" decoding=\"async\" width=\"800\" height=\"1067\" src=\"http:\/\/herzog-apartments.de\/wp-cms\/wp-content\/uploads\/2017\/04\/herzog-appartments-6.jpg\" class=\"sow-slider-background-image\" alt=\"herzog-appartments-6\" style=\"\" srcset=\"http:\/\/herzog-apartments.de\/wp-cms\/wp-content\/uploads\/2017\/04\/herzog-appartments-6.jpg 800w, http:\/\/herzog-apartments.de\/wp-cms\/wp-content\/uploads\/2017\/04\/herzog-appartments-6-225x300.jpg 225w, http:\/\/herzog-apartments.de\/wp-cms\/wp-content\/uploads\/2017\/04\/herzog-appartments-6-768x1024.jpg 768w\" sizes=\"auto, (max-width: 800px) 100vw, 800px\" \/>\t\t<\/li>\n\t\t\t\t<li class=\"sow-slider-image\" style=\"visibility: hidden;\" >\n\t\t\t\t\t\t<img loading=\"lazy\" decoding=\"async\" width=\"800\" height=\"1067\" src=\"http:\/\/herzog-apartments.de\/wp-cms\/wp-content\/uploads\/2017\/04\/herzog-appartments-7.jpg\" class=\"sow-slider-background-image\" alt=\"herzog-appartments-7\" style=\"\" srcset=\"http:\/\/herzog-apartments.de\/wp-cms\/wp-content\/uploads\/2017\/04\/herzog-appartments-7.jpg 800w, http:\/\/herzog-apartments.de\/wp-cms\/wp-content\/uploads\/2017\/04\/herzog-appartments-7-225x300.jpg 225w, http:\/\/herzog-apartments.de\/wp-cms\/wp-content\/uploads\/2017\/04\/herzog-appartments-7-768x1024.jpg 768w\" sizes=\"auto, (max-width: 800px) 100vw, 800px\" \/>\t\t<\/li>\n\t\t\t\t<li class=\"sow-slider-image\" style=\"visibility: hidden;\" >\n\t\t\t\t\t\t<img loading=\"lazy\" decoding=\"async\" width=\"800\" height=\"1067\" src=\"http:\/\/herzog-apartments.de\/wp-cms\/wp-content\/uploads\/2017\/04\/herzog-appartments-8.jpg\" class=\"sow-slider-background-image\" alt=\"herzog-appartments-8\" style=\"\" srcset=\"http:\/\/herzog-apartments.de\/wp-cms\/wp-content\/uploads\/2017\/04\/herzog-appartments-8.jpg 800w, http:\/\/herzog-apartments.de\/wp-cms\/wp-content\/uploads\/2017\/04\/herzog-appartments-8-225x300.jpg 225w, http:\/\/herzog-apartments.de\/wp-cms\/wp-content\/uploads\/2017\/04\/herzog-appartments-8-768x1024.jpg 768w\" sizes=\"auto, (max-width: 800px) 100vw, 800px\" \/>\t\t<\/li>\n\t\t\t\t<li class=\"sow-slider-image\" style=\"visibility: hidden;\" >\n\t\t\t\t\t\t<img loading=\"lazy\" decoding=\"async\" width=\"800\" height=\"1067\" src=\"http:\/\/herzog-apartments.de\/wp-cms\/wp-content\/uploads\/2017\/04\/herzog-appartments-9.jpg\" class=\"sow-slider-background-image\" alt=\"herzog-appartments-9\" style=\"\" srcset=\"http:\/\/herzog-apartments.de\/wp-cms\/wp-content\/uploads\/2017\/04\/herzog-appartments-9.jpg 800w, http:\/\/herzog-apartments.de\/wp-cms\/wp-content\/uploads\/2017\/04\/herzog-appartments-9-225x300.jpg 225w, http:\/\/herzog-apartments.de\/wp-cms\/wp-content\/uploads\/2017\/04\/herzog-appartments-9-768x1024.jpg 768w\" sizes=\"auto, (max-width: 800px) 100vw, 800px\" \/>\t\t<\/li>\n\t\t<\/ul>\t\t\t\t<ol class=\"sow-slider-pagination\">\n\t\t\t\t\t\t\t\t\t\t\t<li><a href=\"#\" data-goto=\"0\" aria-label=\"Display slide 1\"><\/a><\/li>\n\t\t\t\t\t\t\t\t\t\t\t<li><a href=\"#\" data-goto=\"1\" aria-label=\"Display slide 2\"><\/a><\/li>\n\t\t\t\t\t\t\t\t\t\t\t<li><a href=\"#\" data-goto=\"2\" aria-label=\"Display slide 3\"><\/a><\/li>\n\t\t\t\t\t\t\t\t\t\t\t<li><a href=\"#\" data-goto=\"3\" aria-label=\"Display slide 4\"><\/a><\/li>\n\t\t\t\t\t\t\t\t\t\t\t<li><a href=\"#\" data-goto=\"4\" aria-label=\"Display slide 5\"><\/a><\/li>\n\t\t\t\t\t\t\t\t\t\t\t<li><a href=\"#\" data-goto=\"5\" aria-label=\"Display slide 6\"><\/a><\/li>\n\t\t\t\t\t\t\t\t\t\t\t<li><a href=\"#\" data-goto=\"6\" aria-label=\"Display slide 7\"><\/a><\/li>\n\t\t\t\t\t\t\t\t\t\t\t<li><a href=\"#\" data-goto=\"7\" aria-label=\"Display slide 8\"><\/a><\/li>\n\t\t\t\t\t\t\t\t\t\t\t<li><a href=\"#\" data-goto=\"8\" aria-label=\"Display slide 9\"><\/a><\/li>\n\t\t\t\t\t\t\t\t\t<\/ol>\n\n\t\t\t\t<div class=\"sow-slide-nav sow-slide-nav-next\">\n\t\t\t\t\t<a href=\"#\" data-goto=\"next\" aria-label=\"Next slide\" data-action=\"next\">\n\t\t\t\t\t\t<em class=\"sow-sld-icon-thin-right\"><\/em>\n\t\t\t\t\t<\/a>\n\t\t\t\t<\/div>\n\n\t\t\t\t<div class=\"sow-slide-nav sow-slide-nav-prev\">\n\t\t\t\t\t<a href=\"#\" data-goto=\"previous\" aria-label=\"Previous slide\" data-action=\"prev\">\n\t\t\t\t\t\t<em class=\"sow-sld-icon-thin-left\"><\/em>\n\t\t\t\t\t<\/a>\n\t\t\t\t<\/div>\n\t\t\t\t<\/div><\/div><\/div><\/div><div id=\"pgc-4-1-1\"  class=\"panel-grid-cell\" ><div id=\"panel-4-1-1-0\" class=\"so-panel widget widget_sow-editor panel-first-child\" data-index=\"2\" ><div\n\t\t\t\n\t\t\tclass=\"so-widget-sow-editor so-widget-sow-editor-base\"\n\t\t\t\n\t\t>\n<div class=\"siteorigin-widget-tinymce textwidget\">\n\t<p>Wir bieten ihnen mit unseren m\u00f6blierten, klassisch niveauvollen Apartments, eingebettet in unser Traditionshaus, eine angenehme und unkomplizierte M\u00f6glichkeit im Gro\u00dfraum M\u00fcnchen mittel- bis l\u00e4ngerfristig zu wohnen.<\/p>\n<p>Wir haben Apartments\u00a0 von 28m<sup>2\u00a0<\/sup>bis 45m<sup>2<\/sup>, welche alle m\u00f6bliert mit Singlek\u00fcche, Bad, WC, Essplatz, LED TV und\u00a0 Bett (2x90cm oder 1x160cm) sind. WLAN, Waschmaschine\u00a0 und Trockner sind f\u00fcr alle G\u00e4ste vorhanden.\u00a0<\/p>\n<p>Die Herzog Apartments befinden sich verkehrstechnisch optimal angebunden an der S2 Haltestelle Hebertshausen. Die Fahrzeit zum Hauptbahnhof M\u00fcnchen betr\u00e4gt 25 Minuten.<\/p>\n<p>Wir freuen uns auf ihre Anfragen und darauf Sie in unserem familiengef\u00fchrten Haus begr\u00fc\u00dfen zu d\u00fcrfen.<\/p>\n<\/div>\n<\/div><\/div><div id=\"panel-4-1-1-1\" class=\"so-panel widget widget_sow-editor\" data-index=\"3\" ><div class=\"englisch panel-widget-style panel-widget-style-for-4-1-1-1\" ><div\n\t\t\t\n\t\t\tclass=\"so-widget-sow-editor so-widget-sow-editor-base\"\n\t\t\t\n\t\t>\n<div class=\"siteorigin-widget-tinymce textwidget\">\n\t<p>We offer you a comfortable and uncomplicated possibility to live in the greater Munich area, medium to longer term.<\/p>\n<p>We have apartments from 28m2 to 45m2, which are all furnished with a small kitchen, bathroom, WC, dining area, LED TV and bed (2x90cm or 1x160cm). Wi-Fi, washing machine and dryer are available for all guests. \u00a0<\/p>\n<p>The Herzog Apartments are conveniently located at the S2 stop Hebertshausen. The travel time to Munich main station is 25 minutes. \u00a0<\/p>\n<p>We look forward to your inquiries and to welcome you in our family-run house.<\/p>\n<\/div>\n<\/div><\/div><\/div><div id=\"panel-4-1-1-2\" class=\"so-panel widget widget_sow-button panel-last-child\" data-index=\"4\" ><div\n\t\t\t\n\t\t\tclass=\"so-widget-sow-button so-widget-sow-button-flat-0a7737f5f0b7-4\"\n\t\t\t\n\t\t><div class=\"ow-button-base ow-button-align-center\"\n>\n\t\t\t<a\n\t\t\t\t\thref=\"mailto:info@herzog-apartments.de\"\n\t\t\t\t\tclass=\"sowb-button ow-icon-placement-left ow-button-hover\" \t>\n\t\t<span>\n\t\t\t\n\t\t\tKontakt\t\t<\/span>\n\t\t\t<\/a>\n\t<\/div>\n<\/div><\/div><\/div><\/div><div id=\"pg-4-2\"  class=\"panel-grid panel-has-style\" ><div class=\"panel-row-style panel-row-style-for-4-2\" ><div id=\"pgc-4-2-0\"  class=\"panel-grid-cell\" ><div id=\"panel-4-2-0-0\" class=\"so-panel widget widget_sow-headline panel-first-child panel-last-child\" data-index=\"5\" ><div\n\t\t\t\n\t\t\tclass=\"so-widget-sow-headline so-widget-sow-headline-default-b8499a2e5503-4 so-widget-fittext-wrapper\"\n\t\t\t data-fit-text-compressor=\"0.85\"\n\t\t><div class=\"sow-headline-container \">\n\t\t\t\t\t\t\t<h2 class=\"sow-headline\">\n\t\t\t\t\t\tGeschichte des Hauses\t\t\t\t\t\t<\/h2>\n\t\t\t\t\t\t\t\t\t\t\t<div class=\"decoration\">\n\t\t\t\t\t\t<div class=\"decoration-inside\"><\/div>\n\t\t\t\t\t<\/div>\n\t\t\t\t\t<\/div>\n<\/div><\/div><\/div><\/div><\/div><div id=\"pg-4-3\"  class=\"panel-grid panel-no-style\" ><div id=\"pgc-4-3-0\"  class=\"panel-grid-cell\" ><div id=\"panel-4-3-0-0\" class=\"so-panel widget widget_sow-editor panel-first-child panel-last-child\" data-index=\"6\" ><div\n\t\t\t\n\t\t\tclass=\"so-widget-sow-editor so-widget-sow-editor-base\"\n\t\t\t\n\t\t>\n<div class=\"siteorigin-widget-tinymce textwidget\">\n\t<p>Erbaut als Bahnhofsgastst\u00e4tte um 1900.<br \/> Seither im Besitz der Familie Herzog. <br \/>Zwischenzeitlich gef\u00fchrt als bayrische Traditionsgastst\u00e4tte und Pensionsbetrieb.<\/p>\n<p>Grundlegende Umbau-\/Renovierungsarbeitenarbeiten im Jahre 1960, 1975 und 2016.\u00a0<\/p>\n<\/div>\n<\/div><\/div><\/div><div id=\"pgc-4-3-1\"  class=\"panel-grid-cell\" ><div id=\"panel-4-3-1-0\" class=\"so-panel widget widget_sow-image panel-first-child panel-last-child\" data-index=\"7\" ><div class=\"historie panel-widget-style panel-widget-style-for-4-3-1-0\" ><div\n\t\t\t\n\t\t\tclass=\"so-widget-sow-image so-widget-sow-image-default-8b5b6f678277-4\"\n\t\t\t\n\t\t>\n<div class=\"sow-image-container\">\n\t\t<img \n\tsrc=\"http:\/\/herzog-apartments.de\/wp-cms\/wp-content\/uploads\/2017\/11\/herzog-apartment-geschichte.jpg\" width=\"800\" height=\"1067\" srcset=\"http:\/\/herzog-apartments.de\/wp-cms\/wp-content\/uploads\/2017\/11\/herzog-apartment-geschichte.jpg 800w, http:\/\/herzog-apartments.de\/wp-cms\/wp-content\/uploads\/2017\/11\/herzog-apartment-geschichte-225x300.jpg 225w, http:\/\/herzog-apartments.de\/wp-cms\/wp-content\/uploads\/2017\/11\/herzog-apartment-geschichte-768x1024.jpg 768w\" sizes=\"(max-width: 800px) 100vw, 800px\" alt=\"herzog-gastro-historie-karte\" \t\tclass=\"so-widget-image\"\/>\n\t<\/div>\n\n<\/div><\/div><\/div><\/div><\/div><\/div>","protected":false},"excerpt":{"rendered":"<p>Wir bieten ihnen mit unseren m\u00f6blierten, klassisch niveauvollen Apartments, eingebettet in unser Traditionshaus, eine angenehme und unkomplizierte M\u00f6glichkeit im Gro\u00dfraum M\u00fcnchen mittel- bis l\u00e4ngerfristig zu wohnen.Wir haben Apartments\u00a0 von 28m2\u00a0bis 45m2, welche alle m\u00f6bliert mit Singlek\u00fcche, Bad, WC, Essplatz, LED TV und\u00a0 Bett (2x90cm oder 1x160cm) sind. WLAN, Waschmaschine\u00a0 und Trockner sind f\u00fcr alle G\u00e4ste [&hellip;]<\/p>\n","protected":false},"author":1,"featured_media":0,"parent":0,"menu_order":0,"comment_status":"closed","ping_status":"closed","template":"","meta":{"_acf_changed":false,"footnotes":""},"class_list":["post-4","page","type-page","status-publish","hentry"],"acf":[],"_links":{"self":[{"href":"http:\/\/herzog-apartments.de\/wp-cms\/wp-json\/wp\/v2\/pages\/4","targetHints":{"allow":["GET"]}}],"collection":[{"href":"http:\/\/herzog-apartments.de\/wp-cms\/wp-json\/wp\/v2\/pages"}],"about":[{"href":"http:\/\/herzog-apartments.de\/wp-cms\/wp-json\/wp\/v2\/types\/page"}],"author":[{"embeddable":true,"href":"http:\/\/herzog-apartments.de\/wp-cms\/wp-json\/wp\/v2\/users\/1"}],"replies":[{"embeddable":true,"href":"http:\/\/herzog-apartments.de\/wp-cms\/wp-json\/wp\/v2\/comments?post=4"}],"version-history":[{"count":67,"href":"http:\/\/herzog-apartments.de\/wp-cms\/wp-json\/wp\/v2\/pages\/4\/revisions"}],"predecessor-version":[{"id":203,"href":"http:\/\/herzog-apartments.de\/wp-cms\/wp-json\/wp\/v2\/pages\/4\/revisions\/203"}],"wp:attachment":[{"href":"http:\/\/herzog-apartments.de\/wp-cms\/wp-json\/wp\/v2\/media?parent=4"}],"curies":[{"name":"wp","href":"https:\/\/api.w.org\/{rel}","templated":true}]}}